{"id":23,"date":"2022-12-13T18:10:19","date_gmt":"2022-12-13T17:10:19","guid":{"rendered":"https:\/\/ferme-equestre-pontdudiable.fr\/?page_id=23"},"modified":"2024-03-05T17:35:46","modified_gmt":"2024-03-05T16:35:46","slug":"elevage-achat-vente","status":"publish","type":"page","link":"https:\/\/ferme-equestre-pontdudiable.fr\/?page_id=23","title":{"rendered":"Elevage \/ Achat-vente"},"content":{"rendered":"\t\t<div data-elementor-type=\"wp-page\" data-elementor-id=\"23\" class=\"elementor elementor-23\">\n\t\t\t\t\t\t<section class=\"elementor-section elementor-top-section elementor-element elementor-element-995a5e3 elementor-section-full_width elementor-section-height-default elementor-section-height-default\" data-id=\"995a5e3\" data-element_type=\"section\" data-settings=\"{&quot;background_background&quot;:&quot;classic&quot;}\">\n\t\t\t\t\t\t<div class=\"elementor-container elementor-column-gap-default\">\n\t\t\t\t\t<div class=\"elementor-column elementor-col-100 elementor-top-column elementor-element elementor-element-ce250ff\" data-id=\"ce250ff\" data-element_type=\"column\">\n\t\t\t<div class=\"elementor-widget-wrap elementor-element-populated\">\n\t\t\t\t\t\t<div class=\"elementor-element elementor-element-65e569d elementor-widget elementor-widget-image\" data-id=\"65e569d\" data-element_type=\"widget\" data-widget_type=\"image.default\">\n\t\t\t\t<div class=\"elementor-widget-container\">\n\t\t\t\t\t\t\t\t\t\t\t\t\t\t\t<img fetchpriority=\"high\" decoding=\"async\" width=\"1024\" height=\"683\" src=\"https:\/\/ferme-equestre-pontdudiable.fr\/wp-content\/uploads\/2024\/03\/denimage.ch_-_28-1024x683.jpg\" class=\"attachment-large size-large wp-image-583\" alt=\"\" srcset=\"https:\/\/ferme-equestre-pontdudiable.fr\/wp-content\/uploads\/2024\/03\/denimage.ch_-_28-1024x683.jpg 1024w, https:\/\/ferme-equestre-pontdudiable.fr\/wp-content\/uploads\/2024\/03\/denimage.ch_-_28-300x200.jpg 300w, https:\/\/ferme-equestre-pontdudiable.fr\/wp-content\/uploads\/2024\/03\/denimage.ch_-_28-768x512.jpg 768w, https:\/\/ferme-equestre-pontdudiable.fr\/wp-content\/uploads\/2024\/03\/denimage.ch_-_28.jpg 1280w\" sizes=\"(max-width: 1024px) 100vw, 1024px\" \/>\t\t\t\t\t\t\t\t\t\t\t\t\t\t\t<\/div>\n\t\t\t\t<\/div>\n\t\t\t\t\t<\/div>\n\t\t<\/div>\n\t\t\t\t\t<\/div>\n\t\t<\/section>\n\t\t\t\t<section class=\"elementor-section elementor-top-section elementor-element elementor-element-8f76a88 elementor-section-boxed elementor-section-height-default elementor-section-height-default\" data-id=\"8f76a88\" data-element_type=\"section\">\n\t\t\t\t\t\t<div class=\"elementor-container elementor-column-gap-default\">\n\t\t\t\t\t<div class=\"elementor-column elementor-col-50 elementor-top-column elementor-element elementor-element-99bfa48\" data-id=\"99bfa48\" data-element_type=\"column\">\n\t\t\t<div class=\"elementor-widget-wrap elementor-element-populated\">\n\t\t\t\t\t\t<div class=\"elementor-element elementor-element-d9a5dc9 elementor-widget elementor-widget-spacer\" data-id=\"d9a5dc9\" data-element_type=\"widget\" data-widget_type=\"spacer.default\">\n\t\t\t\t<div class=\"elementor-widget-container\">\n\t\t\t\t\t\t\t<div class=\"elementor-spacer\">\n\t\t\t<div class=\"elementor-spacer-inner\"><\/div>\n\t\t<\/div>\n\t\t\t\t\t\t<\/div>\n\t\t\t\t<\/div>\n\t\t\t\t<div class=\"elementor-element elementor-element-e53e611 elementor-widget elementor-widget-text-editor\" data-id=\"e53e611\" data-element_type=\"widget\" data-widget_type=\"text-editor.default\">\n\t\t\t\t<div class=\"elementor-widget-container\">\n\t\t\t\t\t\t\t\t\t<h3>Elevage de chevaux<\/h3><h3>Demi-Sang Arabe<\/h3><p style=\"text-align: left;\"><span style=\"color: #000000;\">Nous vous proposons des chevaux \u00e0 la vente de notre \u00e9levage d\u2019origine DSA issu de notre \u00e9talon Arabe :\u00a0<span style=\"color: #333300;\"><strong>Spot du Vallois<\/strong><\/span>\u00a0<\/span><span style=\"color: #000000; font-style: inherit; font-weight: inherit; font-family: var( --e-global-typography-text-font-family ), Sans-serif;\">et de nos juments de selle s\u00e9lectionn\u00e9es par nos soins.<\/span><\/p>\t\t\t\t\t\t\t\t<\/div>\n\t\t\t\t<\/div>\n\t\t\t\t\t<\/div>\n\t\t<\/div>\n\t\t\t\t<div class=\"elementor-column elementor-col-50 elementor-top-column elementor-element elementor-element-c467575\" data-id=\"c467575\" data-element_type=\"column\">\n\t\t\t<div class=\"elementor-widget-wrap elementor-element-populated\">\n\t\t\t\t\t\t<div class=\"elementor-element elementor-element-1fb4e4b elementor-widget elementor-widget-image\" data-id=\"1fb4e4b\" data-element_type=\"widget\" data-widget_type=\"image.default\">\n\t\t\t\t<div class=\"elementor-widget-container\">\n\t\t\t\t\t\t\t\t\t\t\t\t\t\t\t<img decoding=\"async\" width=\"315\" height=\"315\" src=\"https:\/\/ferme-equestre-pontdudiable.fr\/wp-content\/uploads\/2022\/12\/25.jpg\" class=\"attachment-large size-large wp-image-133\" alt=\"\" srcset=\"https:\/\/ferme-equestre-pontdudiable.fr\/wp-content\/uploads\/2022\/12\/25.jpg 315w, https:\/\/ferme-equestre-pontdudiable.fr\/wp-content\/uploads\/2022\/12\/25-300x300.jpg 300w, https:\/\/ferme-equestre-pontdudiable.fr\/wp-content\/uploads\/2022\/12\/25-150x150.jpg 150w\" sizes=\"(max-width: 315px) 100vw, 315px\" \/>\t\t\t\t\t\t\t\t\t\t\t\t\t\t\t<\/div>\n\t\t\t\t<\/div>\n\t\t\t\t\t<\/div>\n\t\t<\/div>\n\t\t\t\t\t<\/div>\n\t\t<\/section>\n\t\t\t\t<section class=\"elementor-section elementor-top-section elementor-element elementor-element-095ae06 elementor-section-boxed elementor-section-height-default elementor-section-height-default\" data-id=\"095ae06\" data-element_type=\"section\">\n\t\t\t\t\t\t<div class=\"elementor-container elementor-column-gap-default\">\n\t\t\t\t\t<div class=\"elementor-column elementor-col-100 elementor-top-column elementor-element elementor-element-d456bb1\" data-id=\"d456bb1\" data-element_type=\"column\">\n\t\t\t<div class=\"elementor-widget-wrap elementor-element-populated\">\n\t\t\t\t\t\t<div class=\"elementor-element elementor-element-bc8510d elementor-arrows-position-inside elementor-pagination-position-outside elementor-widget elementor-widget-image-carousel\" data-id=\"bc8510d\" data-element_type=\"widget\" data-settings=\"{&quot;navigation&quot;:&quot;both&quot;,&quot;autoplay&quot;:&quot;yes&quot;,&quot;pause_on_hover&quot;:&quot;yes&quot;,&quot;pause_on_interaction&quot;:&quot;yes&quot;,&quot;autoplay_speed&quot;:5000,&quot;infinite&quot;:&quot;yes&quot;,&quot;speed&quot;:500}\" data-widget_type=\"image-carousel.default\">\n\t\t\t\t<div class=\"elementor-widget-container\">\n\t\t\t\t\t\t\t<div class=\"elementor-image-carousel-wrapper swiper\" role=\"region\" aria-roledescription=\"carousel\" aria-label=\"Carrousel d\u2019images\" dir=\"ltr\">\n\t\t\t<div class=\"elementor-image-carousel swiper-wrapper swiper-image-stretch\" aria-live=\"off\">\n\t\t\t\t\t\t\t\t<div class=\"swiper-slide\" role=\"group\" aria-roledescription=\"slide\" aria-label=\"1 sur 11\"><figure class=\"swiper-slide-inner\"><img decoding=\"async\" class=\"swiper-slide-image\" src=\"https:\/\/ferme-equestre-pontdudiable.fr\/wp-content\/uploads\/2022\/12\/11-1.jpg\" alt=\"11\" \/><\/figure><\/div><div class=\"swiper-slide\" role=\"group\" aria-roledescription=\"slide\" aria-label=\"2 sur 11\"><figure class=\"swiper-slide-inner\"><img decoding=\"async\" class=\"swiper-slide-image\" src=\"https:\/\/ferme-equestre-pontdudiable.fr\/wp-content\/uploads\/2022\/12\/14.jpg\" alt=\"14\" \/><\/figure><\/div><div class=\"swiper-slide\" role=\"group\" aria-roledescription=\"slide\" aria-label=\"3 sur 11\"><figure class=\"swiper-slide-inner\"><img decoding=\"async\" class=\"swiper-slide-image\" src=\"https:\/\/ferme-equestre-pontdudiable.fr\/wp-content\/uploads\/2022\/12\/19-1.jpg\" alt=\"19\" \/><\/figure><\/div><div class=\"swiper-slide\" role=\"group\" aria-roledescription=\"slide\" aria-label=\"4 sur 11\"><figure class=\"swiper-slide-inner\"><img decoding=\"async\" class=\"swiper-slide-image\" src=\"https:\/\/ferme-equestre-pontdudiable.fr\/wp-content\/uploads\/2022\/12\/25-2.jpg\" alt=\"25\" \/><\/figure><\/div><div class=\"swiper-slide\" role=\"group\" aria-roledescription=\"slide\" aria-label=\"5 sur 11\"><figure class=\"swiper-slide-inner\"><img decoding=\"async\" class=\"swiper-slide-image\" src=\"https:\/\/ferme-equestre-pontdudiable.fr\/wp-content\/uploads\/2022\/12\/26.jpg\" alt=\"26\" \/><\/figure><\/div><div class=\"swiper-slide\" role=\"group\" aria-roledescription=\"slide\" aria-label=\"6 sur 11\"><figure class=\"swiper-slide-inner\"><img decoding=\"async\" class=\"swiper-slide-image\" src=\"https:\/\/ferme-equestre-pontdudiable.fr\/wp-content\/uploads\/2022\/12\/40.jpg\" alt=\"40\" \/><\/figure><\/div><div class=\"swiper-slide\" role=\"group\" aria-roledescription=\"slide\" aria-label=\"7 sur 11\"><figure class=\"swiper-slide-inner\"><img decoding=\"async\" class=\"swiper-slide-image\" src=\"https:\/\/ferme-equestre-pontdudiable.fr\/wp-content\/uploads\/2022\/12\/41-1.jpg\" alt=\"41\" \/><\/figure><\/div><div class=\"swiper-slide\" role=\"group\" aria-roledescription=\"slide\" aria-label=\"8 sur 11\"><figure class=\"swiper-slide-inner\"><img decoding=\"async\" class=\"swiper-slide-image\" src=\"https:\/\/ferme-equestre-pontdudiable.fr\/wp-content\/uploads\/2022\/12\/42.jpg\" alt=\"42\" \/><\/figure><\/div><div class=\"swiper-slide\" role=\"group\" aria-roledescription=\"slide\" aria-label=\"9 sur 11\"><figure class=\"swiper-slide-inner\"><img decoding=\"async\" class=\"swiper-slide-image\" src=\"https:\/\/ferme-equestre-pontdudiable.fr\/wp-content\/uploads\/2022\/12\/a-e1671389805827.jpg\" alt=\"a\" \/><\/figure><\/div><div class=\"swiper-slide\" role=\"group\" aria-roledescription=\"slide\" aria-label=\"10 sur 11\"><figure class=\"swiper-slide-inner\"><img decoding=\"async\" class=\"swiper-slide-image\" src=\"https:\/\/ferme-equestre-pontdudiable.fr\/wp-content\/uploads\/2022\/12\/b-e1671389852857.jpg\" alt=\"b\" \/><\/figure><\/div><div class=\"swiper-slide\" role=\"group\" aria-roledescription=\"slide\" aria-label=\"11 sur 11\"><figure class=\"swiper-slide-inner\"><img decoding=\"async\" class=\"swiper-slide-image\" src=\"https:\/\/ferme-equestre-pontdudiable.fr\/wp-content\/uploads\/2022\/12\/c-e1671389836574.jpg\" alt=\"c\" \/><\/figure><\/div>\t\t\t<\/div>\n\t\t\t\t\t\t\t\t\t\t\t\t<div class=\"elementor-swiper-button elementor-swiper-button-prev\" role=\"button\" tabindex=\"0\">\n\t\t\t\t\t\t<i aria-hidden=\"true\" class=\"eicon-chevron-left\"><\/i>\t\t\t\t\t<\/div>\n\t\t\t\t\t<div class=\"elementor-swiper-button elementor-swiper-button-next\" role=\"button\" tabindex=\"0\">\n\t\t\t\t\t\t<i aria-hidden=\"true\" class=\"eicon-chevron-right\"><\/i>\t\t\t\t\t<\/div>\n\t\t\t\t\n\t\t\t\t\t\t\t\t\t<div class=\"swiper-pagination\"><\/div>\n\t\t\t\t\t\t\t\t\t<\/div>\n\t\t\t\t\t\t<\/div>\n\t\t\t\t<\/div>\n\t\t\t\t\t<\/div>\n\t\t<\/div>\n\t\t\t\t\t<\/div>\n\t\t<\/section>\n\t\t\t\t<section class=\"elementor-section elementor-top-section elementor-element elementor-element-8b822f2 elementor-section-boxed elementor-section-height-default elementor-section-height-default\" data-id=\"8b822f2\" data-element_type=\"section\" data-settings=\"{&quot;background_background&quot;:&quot;classic&quot;}\">\n\t\t\t\t\t\t<div class=\"elementor-container elementor-column-gap-default\">\n\t\t\t\t\t<div class=\"elementor-column elementor-col-100 elementor-top-column elementor-element elementor-element-015d7a8\" data-id=\"015d7a8\" data-element_type=\"column\">\n\t\t\t<div class=\"elementor-widget-wrap elementor-element-populated\">\n\t\t\t\t\t\t<div class=\"elementor-element elementor-element-ade0ec6 elementor-widget elementor-widget-heading\" data-id=\"ade0ec6\" data-element_type=\"widget\" data-widget_type=\"heading.default\">\n\t\t\t\t<div class=\"elementor-widget-container\">\n\t\t\t\t\t<h2 class=\"elementor-heading-title elementor-size-default\">Nous rachetons \u00e9galement des chevaux toute l\u2019ann\u00e9e.<\/h2>\t\t\t\t<\/div>\n\t\t\t\t<\/div>\n\t\t\t\t\t<\/div>\n\t\t<\/div>\n\t\t\t\t\t<\/div>\n\t\t<\/section>\n\t\t\t\t<section class=\"elementor-section elementor-top-section elementor-element elementor-element-bac5361 elementor-section-boxed elementor-section-height-default elementor-section-height-default\" data-id=\"bac5361\" data-element_type=\"section\" data-settings=\"{&quot;background_background&quot;:&quot;classic&quot;}\">\n\t\t\t\t\t\t<div class=\"elementor-container elementor-column-gap-default\">\n\t\t\t\t\t<div class=\"elementor-column elementor-col-100 elementor-top-column elementor-element elementor-element-4fcc01d\" data-id=\"4fcc01d\" data-element_type=\"column\">\n\t\t\t<div class=\"elementor-widget-wrap elementor-element-populated\">\n\t\t\t\t\t\t<div class=\"elementor-element elementor-element-cf637a3 elementor-widget elementor-widget-image\" data-id=\"cf637a3\" data-element_type=\"widget\" data-widget_type=\"image.default\">\n\t\t\t\t<div class=\"elementor-widget-container\">\n\t\t\t\t\t\t\t\t\t\t\t\t\t\t\t<img decoding=\"async\" width=\"1024\" height=\"318\" src=\"https:\/\/ferme-equestre-pontdudiable.fr\/wp-content\/uploads\/2022\/12\/AdobeStock_374136673-1024x318.jpeg\" class=\"attachment-large size-large wp-image-139\" alt=\"\" srcset=\"https:\/\/ferme-equestre-pontdudiable.fr\/wp-content\/uploads\/2022\/12\/AdobeStock_374136673-1024x318.jpeg 1024w, https:\/\/ferme-equestre-pontdudiable.fr\/wp-content\/uploads\/2022\/12\/AdobeStock_374136673-300x93.jpeg 300w, https:\/\/ferme-equestre-pontdudiable.fr\/wp-content\/uploads\/2022\/12\/AdobeStock_374136673-768x238.jpeg 768w, https:\/\/ferme-equestre-pontdudiable.fr\/wp-content\/uploads\/2022\/12\/AdobeStock_374136673-1536x477.jpeg 1536w, https:\/\/ferme-equestre-pontdudiable.fr\/wp-content\/uploads\/2022\/12\/AdobeStock_374136673-2048x636.jpeg 2048w\" sizes=\"(max-width: 1024px) 100vw, 1024px\" \/>\t\t\t\t\t\t\t\t\t\t\t\t\t\t\t<\/div>\n\t\t\t\t<\/div>\n\t\t\t\t\t<\/div>\n\t\t<\/div>\n\t\t\t\t\t<\/div>\n\t\t<\/section>\n\t\t\t\t<\/div>\n\t\t","protected":false},"excerpt":{"rendered":"<p>Elevage de chevaux Demi-Sang Arabe Nous vous proposons des chevaux \u00e0 la vente de notre \u00e9levage d\u2019origine DSA issu de notre \u00e9talon Arabe :\u00a0Spot du Vallois\u00a0et de nos juments de selle s\u00e9lectionn\u00e9es par nos soins. Pr\u00e9c\u00e9dent Suivant Nous rachetons \u00e9galement des chevaux toute l\u2019ann\u00e9e.<\/p>\n","protected":false},"author":1,"featured_media":0,"parent":0,"menu_order":0,"comment_status":"closed","ping_status":"closed","template":"","meta":{"site-sidebar-layout":"no-sidebar","site-content-layout":"page-builder","ast-global-header-display":"","ast-main-header-display":"","ast-hfb-above-header-display":"","ast-hfb-below-header-display":"","ast-hfb-mobile-header-display":"","site-post-title":"disabled","ast-breadcrumbs-content":"","ast-featured-img":"disabled","footer-sml-layout":"","theme-transparent-header-meta":"","adv-header-id-meta":"","stick-header-meta":"","header-above-stick-meta":"","header-main-stick-meta":"","header-below-stick-meta":"","footnotes":""},"class_list":["post-23","page","type-page","status-publish","hentry"],"yoast_head":"<!-- This site is optimized with the Yoast SEO plugin v24.9 - https:\/\/yoast.com\/wordpress\/plugins\/seo\/ -->\n<title>Elevage \/ Achat-vente -<\/title>\n<meta name=\"robots\" content=\"index, follow, max-snippet:-1, max-image-preview:large, max-video-preview:-1\" \/>\n<link rel=\"canonical\" href=\"https:\/\/ferme-equestre-pontdudiable.fr\/?page_id=23\" \/>\n<meta property=\"og:locale\" content=\"fr_FR\" \/>\n<meta property=\"og:type\" content=\"article\" \/>\n<meta property=\"og:title\" content=\"Elevage \/ Achat-vente -\" \/>\n<meta property=\"og:description\" content=\"Elevage de chevaux Demi-Sang Arabe Nous vous proposons des chevaux \u00e0 la vente de notre \u00e9levage d\u2019origine DSA issu de notre \u00e9talon Arabe :\u00a0Spot du Vallois\u00a0et de nos juments de selle s\u00e9lectionn\u00e9es par nos soins. Pr\u00e9c\u00e9dent Suivant Nous rachetons \u00e9galement des chevaux toute l\u2019ann\u00e9e.\" \/>\n<meta property=\"og:url\" content=\"https:\/\/ferme-equestre-pontdudiable.fr\/?page_id=23\" \/>\n<meta property=\"article:publisher\" content=\"https:\/\/www.facebook.com\/profile.php?id=100057186530711\" \/>\n<meta property=\"article:modified_time\" content=\"2024-03-05T16:35:46+00:00\" \/>\n<meta property=\"og:image\" content=\"https:\/\/ferme-equestre-pontdudiable.fr\/wp-content\/uploads\/2024\/03\/denimage.ch_-_28-1024x683.jpg\" \/>\n<meta name=\"twitter:card\" content=\"summary_large_image\" \/>\n<meta name=\"twitter:label1\" content=\"Dur\u00e9e de lecture estim\u00e9e\" \/>\n\t<meta name=\"twitter:data1\" content=\"5 minutes\" \/>\n<script type=\"application\/ld+json\" class=\"yoast-schema-graph\">{\"@context\":\"https:\/\/schema.org\",\"@graph\":[{\"@type\":\"WebPage\",\"@id\":\"https:\/\/ferme-equestre-pontdudiable.fr\/?page_id=23\",\"url\":\"https:\/\/ferme-equestre-pontdudiable.fr\/?page_id=23\",\"name\":\"Elevage \/ Achat-vente -\",\"isPartOf\":{\"@id\":\"https:\/\/ferme-equestre-pontdudiable.fr\/#website\"},\"primaryImageOfPage\":{\"@id\":\"https:\/\/ferme-equestre-pontdudiable.fr\/?page_id=23#primaryimage\"},\"image\":{\"@id\":\"https:\/\/ferme-equestre-pontdudiable.fr\/?page_id=23#primaryimage\"},\"thumbnailUrl\":\"https:\/\/ferme-equestre-pontdudiable.fr\/wp-content\/uploads\/2024\/03\/denimage.ch_-_28-1024x683.jpg\",\"datePublished\":\"2022-12-13T17:10:19+00:00\",\"dateModified\":\"2024-03-05T16:35:46+00:00\",\"breadcrumb\":{\"@id\":\"https:\/\/ferme-equestre-pontdudiable.fr\/?page_id=23#breadcrumb\"},\"inLanguage\":\"fr-FR\",\"potentialAction\":[{\"@type\":\"ReadAction\",\"target\":[\"https:\/\/ferme-equestre-pontdudiable.fr\/?page_id=23\"]}]},{\"@type\":\"ImageObject\",\"inLanguage\":\"fr-FR\",\"@id\":\"https:\/\/ferme-equestre-pontdudiable.fr\/?page_id=23#primaryimage\",\"url\":\"https:\/\/ferme-equestre-pontdudiable.fr\/wp-content\/uploads\/2024\/03\/denimage.ch_-_28.jpg\",\"contentUrl\":\"https:\/\/ferme-equestre-pontdudiable.fr\/wp-content\/uploads\/2024\/03\/denimage.ch_-_28.jpg\",\"width\":1280,\"height\":854},{\"@type\":\"BreadcrumbList\",\"@id\":\"https:\/\/ferme-equestre-pontdudiable.fr\/?page_id=23#breadcrumb\",\"itemListElement\":[{\"@type\":\"ListItem\",\"position\":1,\"name\":\"Accueil\",\"item\":\"https:\/\/ferme-equestre-pontdudiable.fr\/\"},{\"@type\":\"ListItem\",\"position\":2,\"name\":\"Elevage \/ Achat-vente\"}]},{\"@type\":\"WebSite\",\"@id\":\"https:\/\/ferme-equestre-pontdudiable.fr\/#website\",\"url\":\"https:\/\/ferme-equestre-pontdudiable.fr\/\",\"name\":\"Ferme \u00e9questre du pont du diable\",\"description\":\"Un site utilisant WordPress\",\"publisher\":{\"@id\":\"https:\/\/ferme-equestre-pontdudiable.fr\/#organization\"},\"potentialAction\":[{\"@type\":\"SearchAction\",\"target\":{\"@type\":\"EntryPoint\",\"urlTemplate\":\"https:\/\/ferme-equestre-pontdudiable.fr\/?s={search_term_string}\"},\"query-input\":{\"@type\":\"PropertyValueSpecification\",\"valueRequired\":true,\"valueName\":\"search_term_string\"}}],\"inLanguage\":\"fr-FR\"},{\"@type\":\"Organization\",\"@id\":\"https:\/\/ferme-equestre-pontdudiable.fr\/#organization\",\"name\":\"Ferme \u00e9questre du pont du diable\",\"url\":\"https:\/\/ferme-equestre-pontdudiable.fr\/\",\"logo\":{\"@type\":\"ImageObject\",\"inLanguage\":\"fr-FR\",\"@id\":\"https:\/\/ferme-equestre-pontdudiable.fr\/#\/schema\/logo\/image\/\",\"url\":\"https:\/\/ferme-equestre-pontdudiable.fr\/wp-content\/uploads\/2022\/12\/cropped-logo-1-e1670856660249.png\",\"contentUrl\":\"https:\/\/ferme-equestre-pontdudiable.fr\/wp-content\/uploads\/2022\/12\/cropped-logo-1-e1670856660249.png\",\"width\":1920,\"height\":782,\"caption\":\"Ferme \u00e9questre du pont du diable\"},\"image\":{\"@id\":\"https:\/\/ferme-equestre-pontdudiable.fr\/#\/schema\/logo\/image\/\"},\"sameAs\":[\"https:\/\/www.facebook.com\/profile.php?id=100057186530711\"]}]}<\/script>\n<!-- \/ Yoast SEO plugin. -->","yoast_head_json":{"title":"Elevage \/ Achat-vente -","robots":{"index":"index","follow":"follow","max-snippet":"max-snippet:-1","max-image-preview":"max-image-preview:large","max-video-preview":"max-video-preview:-1"},"canonical":"https:\/\/ferme-equestre-pontdudiable.fr\/?page_id=23","og_locale":"fr_FR","og_type":"article","og_title":"Elevage \/ Achat-vente -","og_description":"Elevage de chevaux Demi-Sang Arabe Nous vous proposons des chevaux \u00e0 la vente de notre \u00e9levage d\u2019origine DSA issu de notre \u00e9talon Arabe :\u00a0Spot du Vallois\u00a0et de nos juments de selle s\u00e9lectionn\u00e9es par nos soins. Pr\u00e9c\u00e9dent Suivant Nous rachetons \u00e9galement des chevaux toute l\u2019ann\u00e9e.","og_url":"https:\/\/ferme-equestre-pontdudiable.fr\/?page_id=23","article_publisher":"https:\/\/www.facebook.com\/profile.php?id=100057186530711","article_modified_time":"2024-03-05T16:35:46+00:00","og_image":[{"url":"https:\/\/ferme-equestre-pontdudiable.fr\/wp-content\/uploads\/2024\/03\/denimage.ch_-_28-1024x683.jpg","type":"","width":"","height":""}],"twitter_card":"summary_large_image","twitter_misc":{"Dur\u00e9e de lecture estim\u00e9e":"5 minutes"},"schema":{"@context":"https:\/\/schema.org","@graph":[{"@type":"WebPage","@id":"https:\/\/ferme-equestre-pontdudiable.fr\/?page_id=23","url":"https:\/\/ferme-equestre-pontdudiable.fr\/?page_id=23","name":"Elevage \/ Achat-vente -","isPartOf":{"@id":"https:\/\/ferme-equestre-pontdudiable.fr\/#website"},"primaryImageOfPage":{"@id":"https:\/\/ferme-equestre-pontdudiable.fr\/?page_id=23#primaryimage"},"image":{"@id":"https:\/\/ferme-equestre-pontdudiable.fr\/?page_id=23#primaryimage"},"thumbnailUrl":"https:\/\/ferme-equestre-pontdudiable.fr\/wp-content\/uploads\/2024\/03\/denimage.ch_-_28-1024x683.jpg","datePublished":"2022-12-13T17:10:19+00:00","dateModified":"2024-03-05T16:35:46+00:00","breadcrumb":{"@id":"https:\/\/ferme-equestre-pontdudiable.fr\/?page_id=23#breadcrumb"},"inLanguage":"fr-FR","potentialAction":[{"@type":"ReadAction","target":["https:\/\/ferme-equestre-pontdudiable.fr\/?page_id=23"]}]},{"@type":"ImageObject","inLanguage":"fr-FR","@id":"https:\/\/ferme-equestre-pontdudiable.fr\/?page_id=23#primaryimage","url":"https:\/\/ferme-equestre-pontdudiable.fr\/wp-content\/uploads\/2024\/03\/denimage.ch_-_28.jpg","contentUrl":"https:\/\/ferme-equestre-pontdudiable.fr\/wp-content\/uploads\/2024\/03\/denimage.ch_-_28.jpg","width":1280,"height":854},{"@type":"BreadcrumbList","@id":"https:\/\/ferme-equestre-pontdudiable.fr\/?page_id=23#breadcrumb","itemListElement":[{"@type":"ListItem","position":1,"name":"Accueil","item":"https:\/\/ferme-equestre-pontdudiable.fr\/"},{"@type":"ListItem","position":2,"name":"Elevage \/ Achat-vente"}]},{"@type":"WebSite","@id":"https:\/\/ferme-equestre-pontdudiable.fr\/#website","url":"https:\/\/ferme-equestre-pontdudiable.fr\/","name":"Ferme \u00e9questre du pont du diable","description":"Un site utilisant WordPress","publisher":{"@id":"https:\/\/ferme-equestre-pontdudiable.fr\/#organization"},"potentialAction":[{"@type":"SearchAction","target":{"@type":"EntryPoint","urlTemplate":"https:\/\/ferme-equestre-pontdudiable.fr\/?s={search_term_string}"},"query-input":{"@type":"PropertyValueSpecification","valueRequired":true,"valueName":"search_term_string"}}],"inLanguage":"fr-FR"},{"@type":"Organization","@id":"https:\/\/ferme-equestre-pontdudiable.fr\/#organization","name":"Ferme \u00e9questre du pont du diable","url":"https:\/\/ferme-equestre-pontdudiable.fr\/","logo":{"@type":"ImageObject","inLanguage":"fr-FR","@id":"https:\/\/ferme-equestre-pontdudiable.fr\/#\/schema\/logo\/image\/","url":"https:\/\/ferme-equestre-pontdudiable.fr\/wp-content\/uploads\/2022\/12\/cropped-logo-1-e1670856660249.png","contentUrl":"https:\/\/ferme-equestre-pontdudiable.fr\/wp-content\/uploads\/2022\/12\/cropped-logo-1-e1670856660249.png","width":1920,"height":782,"caption":"Ferme \u00e9questre du pont du diable"},"image":{"@id":"https:\/\/ferme-equestre-pontdudiable.fr\/#\/schema\/logo\/image\/"},"sameAs":["https:\/\/www.facebook.com\/profile.php?id=100057186530711"]}]}},"_links":{"self":[{"href":"https:\/\/ferme-equestre-pontdudiable.fr\/index.php?rest_route=\/wp\/v2\/pages\/23","targetHints":{"allow":["GET"]}}],"collection":[{"href":"https:\/\/ferme-equestre-pontdudiable.fr\/index.php?rest_route=\/wp\/v2\/pages"}],"about":[{"href":"https:\/\/ferme-equestre-pontdudiable.fr\/index.php?rest_route=\/wp\/v2\/types\/page"}],"author":[{"embeddable":true,"href":"https:\/\/ferme-equestre-pontdudiable.fr\/index.php?rest_route=\/wp\/v2\/users\/1"}],"replies":[{"embeddable":true,"href":"https:\/\/ferme-equestre-pontdudiable.fr\/index.php?rest_route=%2Fwp%2Fv2%2Fcomments&post=23"}],"version-history":[{"count":19,"href":"https:\/\/ferme-equestre-pontdudiable.fr\/index.php?rest_route=\/wp\/v2\/pages\/23\/revisions"}],"predecessor-version":[{"id":586,"href":"https:\/\/ferme-equestre-pontdudiable.fr\/index.php?rest_route=\/wp\/v2\/pages\/23\/revisions\/586"}],"wp:attachment":[{"href":"https:\/\/ferme-equestre-pontdudiable.fr\/index.php?rest_route=%2Fwp%2Fv2%2Fmedia&parent=23"}],"curies":[{"name":"wp","href":"https:\/\/api.w.org\/{rel}","templated":true}]}}